{"id":82,"date":"2021-03-29T02:56:17","date_gmt":"2021-03-29T05:56:17","guid":{"rendered":"http:\/\/www.santacasalivramento.com.br\/site\/?page_id=82"},"modified":"2021-04-10T11:42:11","modified_gmt":"2021-04-10T14:42:11","slug":"sobre","status":"publish","type":"page","link":"https:\/\/www.santacasalivramento.com.br\/site\/sobre\/","title":{"rendered":"Sobre"},"content":{"rendered":"\t\t<div data-elementor-type=\"wp-page\" data-elementor-id=\"82\" class=\"elementor elementor-82\" data-elementor-settings=\"[]\">\n\t\t\t\t\t\t\t<div class=\"elementor-section-wrap\">\n\t\t\t\t\t\t\t<section class=\"elementor-section elementor-top-section elementor-element elementor-element-2610e364 elementor-section-boxed elementor-section-height-default elementor-section-height-default\" data-id=\"2610e364\" data-element_type=\"section\" data-settings=\"{&quot;background_background&quot;:&quot;classic&quot;}\">\n\t\t\t\t\t\t<div class=\"elementor-container elementor-column-gap-no\">\n\t\t\t\t\t<div class=\"elementor-column elementor-col-100 elementor-top-column elementor-element elementor-element-40b3a0ef\" data-id=\"40b3a0ef\" data-element_type=\"column\">\n\t\t\t<div class=\"elementor-widget-wrap elementor-element-populated\">\n\t\t\t\t\t\t\t\t<section class=\"elementor-section elementor-inner-section elementor-element elementor-element-1f64eb08 elementor-section-content-middle elementor-section-boxed elementor-section-height-default elementor-section-height-default\" data-id=\"1f64eb08\" data-element_type=\"section\">\n\t\t\t\t\t\t<div class=\"elementor-container elementor-column-gap-no\">\n\t\t\t\t\t<div class=\"elementor-column elementor-col-33 elementor-inner-column elementor-element elementor-element-6cf5a3a1\" data-id=\"6cf5a3a1\" data-element_type=\"column\" data-settings=\"{&quot;animation_mobile&quot;:&quot;none&quot;}\">\n\t\t\t<div class=\"elementor-widget-wrap elementor-element-populated\">\n\t\t\t\t\t\t\t\t<div class=\"elementor-element elementor-element-3c780b0c elementor-widget__width-initial elementor-absolute elementor-widget-tablet__width-initial elementor-hidden-tablet elementor-hidden-phone elementor-invisible elementor-widget elementor-widget-image\" data-id=\"3c780b0c\" data-element_type=\"widget\" data-settings=\"{&quot;_animation_tablet&quot;:&quot;none&quot;,&quot;_animation_mobile&quot;:&quot;none&quot;,&quot;_position&quot;:&quot;absolute&quot;,&quot;_animation_delay&quot;:100,&quot;_animation&quot;:&quot;slideInLeft&quot;}\" data-widget_type=\"image.default\">\n\t\t\t\t<div class=\"elementor-widget-container\">\n\t\t\t\t\t<div class=\"elementor-image\">\n\t\t\t\t\t\t\t\t\t\t<img loading=\"lazy\" decoding=\"async\" width=\"231\" height=\"221\" src=\"https:\/\/www.santacasalivramento.com.br\/site\/wp-content\/uploads\/2021\/03\/poligon.png\" class=\"attachment-large size-large\" alt=\"\" \/>\t\t\t\t\t\t\t\t\t\t\t<\/div>\n\t\t\t\t<\/div>\n\t\t\t\t<\/div>\n\t\t\t\t<div class=\"elementor-element elementor-element-4453b492 elementor-widget__width-initial elementor-absolute elementor-widget-tablet__width-initial elementor-hidden-tablet elementor-hidden-phone elementor-invisible elementor-widget elementor-widget-image\" data-id=\"4453b492\" data-element_type=\"widget\" data-settings=\"{&quot;_animation_tablet&quot;:&quot;none&quot;,&quot;_animation_mobile&quot;:&quot;none&quot;,&quot;_position&quot;:&quot;absolute&quot;,&quot;_animation_delay&quot;:0,&quot;_animation&quot;:&quot;rotateIn&quot;}\" data-widget_type=\"image.default\">\n\t\t\t\t<div class=\"elementor-widget-container\">\n\t\t\t\t\t<div class=\"elementor-image\">\n\t\t\t\t\t\t\t\t\t\t<img loading=\"lazy\" decoding=\"async\" width=\"229\" height=\"214\" src=\"https:\/\/www.santacasalivramento.com.br\/site\/wp-content\/uploads\/2021\/03\/tr9.png\" class=\"attachment-large size-large\" alt=\"\" \/>\t\t\t\t\t\t\t\t\t\t\t<\/div>\n\t\t\t\t<\/div>\n\t\t\t\t<\/div>\n\t\t\t\t<div class=\"elementor-element elementor-element-4d9d5692 elementor-widget__width-initial elementor-absolute elementor-widget-tablet__width-initial elementor-hidden-tablet elementor-hidden-phone elementor-invisible elementor-widget elementor-widget-image\" data-id=\"4d9d5692\" data-element_type=\"widget\" data-settings=\"{&quot;_animation_tablet&quot;:&quot;none&quot;,&quot;_animation_mobile&quot;:&quot;none&quot;,&quot;_position&quot;:&quot;absolute&quot;,&quot;_animation_delay&quot;:100,&quot;_animation&quot;:&quot;rotateIn&quot;}\" data-widget_type=\"image.default\">\n\t\t\t\t<div class=\"elementor-widget-container\">\n\t\t\t\t\t<div class=\"elementor-image\">\n\t\t\t\t\t\t\t\t\t\t<img loading=\"lazy\" decoding=\"async\" width=\"41\" height=\"33\" src=\"https:\/\/www.santacasalivramento.com.br\/site\/wp-content\/uploads\/2021\/03\/Triangle25.png\" class=\"attachment-large size-large\" alt=\"\" \/>\t\t\t\t\t\t\t\t\t\t\t<\/div>\n\t\t\t\t<\/div>\n\t\t\t\t<\/div>\n\t\t\t\t\t<\/div>\n\t\t<\/div>\n\t\t\t\t<div class=\"elementor-column elementor-col-33 elementor-inner-column elementor-element elementor-element-5f1f823\" data-id=\"5f1f823\" data-element_type=\"column\" data-settings=\"{&quot;animation_mobile&quot;:&quot;none&quot;}\">\n\t\t\t<div class=\"elementor-widget-wrap elementor-element-populated\">\n\t\t\t\t\t\t\t\t<div class=\"elementor-element elementor-element-c8b6691 elementor-widget__width-initial elementor-absolute elementor-widget-tablet__width-initial elementor-hidden-tablet elementor-hidden-phone elementor-invisible elementor-widget elementor-widget-image\" data-id=\"c8b6691\" data-element_type=\"widget\" data-settings=\"{&quot;_animation_tablet&quot;:&quot;none&quot;,&quot;_animation_mobile&quot;:&quot;none&quot;,&quot;_position&quot;:&quot;absolute&quot;,&quot;_animation_delay&quot;:100,&quot;_animation&quot;:&quot;slideInLeft&quot;}\" data-widget_type=\"image.default\">\n\t\t\t\t<div class=\"elementor-widget-container\">\n\t\t\t\t\t<div class=\"elementor-image\">\n\t\t\t\t\t\t\t\t\t\t<img loading=\"lazy\" decoding=\"async\" width=\"231\" height=\"221\" src=\"https:\/\/www.santacasalivramento.com.br\/site\/wp-content\/uploads\/2021\/03\/poligon.png\" class=\"attachment-large size-large\" alt=\"\" \/>\t\t\t\t\t\t\t\t\t\t\t<\/div>\n\t\t\t\t<\/div>\n\t\t\t\t<\/div>\n\t\t\t\t<div class=\"elementor-element elementor-element-43cebda elementor-widget__width-initial elementor-absolute elementor-widget-tablet__width-initial elementor-hidden-tablet elementor-hidden-phone elementor-invisible elementor-widget elementor-widget-image\" data-id=\"43cebda\" data-element_type=\"widget\" data-settings=\"{&quot;_animation_tablet&quot;:&quot;none&quot;,&quot;_animation_mobile&quot;:&quot;none&quot;,&quot;_position&quot;:&quot;absolute&quot;,&quot;_animation_delay&quot;:0,&quot;_animation&quot;:&quot;rotateIn&quot;}\" data-widget_type=\"image.default\">\n\t\t\t\t<div class=\"elementor-widget-container\">\n\t\t\t\t\t<div class=\"elementor-image\">\n\t\t\t\t\t\t\t\t\t\t<img loading=\"lazy\" decoding=\"async\" width=\"229\" height=\"214\" src=\"https:\/\/www.santacasalivramento.com.br\/site\/wp-content\/uploads\/2021\/03\/tr9.png\" class=\"attachment-large size-large\" alt=\"\" \/>\t\t\t\t\t\t\t\t\t\t\t<\/div>\n\t\t\t\t<\/div>\n\t\t\t\t<\/div>\n\t\t\t\t<div class=\"elementor-element elementor-element-4fc35477 elementor-widget elementor-widget-text-editor\" data-id=\"4fc35477\" data-element_type=\"widget\" data-widget_type=\"text-editor.default\">\n\t\t\t\t<div class=\"elementor-widget-container\">\n\t\t\t\t\t<div class=\"elementor-text-editor elementor-clearfix\"><!-- wp:paragraph -->\n<p>A preocupa\u00e7\u00e3o maior em toda&nbsp;&nbsp;a comunidade \u00e9 a organiza\u00e7\u00e3o e manuten\u00e7\u00e3o de seus pr\u00f3prios meios preservadores da esp\u00e9cie. Os males da humanidade transformaram-se , evolu\u00edram, e, combatidos, regrediram paralelamente aos avan\u00e7os da ci\u00eancia e da tecnologia.<\/p>\n<!-- \/wp:paragraph -->\n\n<!-- wp:paragraph -->\n<p>Profissionais competentes, atuantes, especializados nas mais diversas \u00e1reas do conhecimento da ci\u00eancia \u00e9 o que contamos hoje para melhor atender aos aspectos da SA\u00daDE.<\/p>\n<!-- \/wp:paragraph -->\n\n<!-- wp:paragraph -->\n<p>Pr\u00e9dios devidamente instalados,&nbsp;&nbsp;com modernas aparelhagens e exames especiais e\/ou sofisticados s\u00e3o ingredientes naturalmente acrescidos, pelo esfor\u00e7o e bagagem das pesquisas acumuladas ao longo do tempo, pelo somat\u00f3rio das experi\u00eancias e conhecimentos provenientes da investiga\u00e7\u00e3o cient\u00edfica.<\/p>\n<!-- \/wp:paragraph -->\n\n<!-- wp:paragraph -->\n<p>Elementos humanos, materiais e instrumentais, somam-se para oportunizar ao homem, melhor e maior qualidade de vida.<\/p>\n<!-- \/wp:paragraph -->\n\n<!-- wp:paragraph -->\n<p>Dessa necessidade nasceu a Santa Casa de Miseric\u00f3rdia de Santana do Livramento, inaugurada em 20 de setembro de 1903.<\/p>\n<!-- \/wp:paragraph -->\n\n<!-- wp:paragraph -->\n<p>A hist\u00f3ria come\u00e7ou&#8230; e agora se repete.<\/p>\n<!-- \/wp:paragraph -->\n\n<!-- wp:paragraph -->\n<p>Em 1889, quando a popula\u00e7\u00e3o santanense assinalava ao redor de seis mil habitantes, coincidentemente o ano que marcou a proclama\u00e7\u00e3o da republicado Brasil, em Santana Do Livramento j\u00e1 funcionava a Sociedade Beneficente Municipal.<\/p>\n<!-- \/wp:paragraph -->\n\n<!-- wp:paragraph -->\n<p>A diretoria naquele tempo, presidida pelo Dr. Agostinho da Silva Campos, decidiu propor que, aos s\u00e1bados, uma mo\u00e7a da sociedade, fosse convidada a sair \u00e0 rua, pedir aux\u00edlios financeiros nas resid\u00eancias, com a finalidade de angariar fundos em benef\u00edcio da constru\u00e7\u00e3o do Hospital de Caridade. Esse movimento levou o nome de \u201cSacola de Caridade\u201d.<\/p>\n<!-- \/wp:paragraph -->\n\n<!-- wp:paragraph -->\n<p>A primeira escolha, por sorteio, recaiu sobre a jovem Antonia Thommazi, que, prontamente se disp\u00f4s ai trabalho. Ao s\u00e1bado saiu ent\u00e3o Antonia, certamente com amigas, mas despojando-se de quaisquer sentimentos de timidez ou preconceito, para cumprir sua miss\u00e3o. Pode-se imaginar o desprendimento dessa mo\u00e7a, quando naquela \u00e9poca sendo o mundo feminino bastante restrito ao lar, \u00e0s atividades dom\u00e9sticas e sociais, expor-se a andar, de porta em porta, pedindo em benef\u00edcio de uma obra, mesmo que t\u00e3o necess\u00e1ria e inestim\u00e1vel aos destinos da comunidade, mas, para tal incumb\u00eancia, tamb\u00e9m requerendo forte dose de desprendimento e coragem.<\/p>\n<!-- \/wp:paragraph -->\n\n<!-- wp:paragraph -->\n<p>Tornou-se um orgulho para colaborar com a obra.<\/p>\n<!-- \/wp:paragraph -->\n\n<!-- wp:paragraph -->\n<p>Ap\u00f3s Antonia, vieram outras que prontamente dispuseram-se a contribuir, demonstrando a mesma dedica\u00e7\u00e3o e esp\u00edrito humanit\u00e1rio: Carmila San Juan, Branca Pinto, Branca Giudice, Aurora Ramiro, Branca Dias de Castro, Deolinda Canabarro Fernandes, Ubaldina V. Soares, Honorina da Rosa Neves, Sefiza Rolim, Evarista Vargas Chaves,&nbsp;&nbsp;Palmira C\u00e1ceres, Am\u00e1lia Oliveras, Fausta Rodrigues, Dorote\u00e1 Bueno, Esteva Rodrigues, Anna L. Falc\u00e3o, Idalina Pereira, Ana Paulina Trindade, Emilia Iruleguy, Florinda Ara\u00fajo, Carolina Garcia, Francina Cunha, Maria Am\u00e1lia Ramalho, Aana Lu\u00edza de Cunha, Olinta Braga, Dorzila Pereira, Adelaide Vaqueiro, Zelinda Gomes, Sevina R. Maciel, Janira Rodrigues, Maria M. Canabarro, Adalgisa Cunha, Adelina Severo e Dora Inchauspe.<\/p>\n<!-- \/wp:paragraph -->\n\n<!-- wp:paragraph -->\n<p>S\u00e3o esses nomes que somaram para que muitas pedras, madeiras, tijolas, ferro, cimento, entre outros materiais e m\u00e3o de obra, fossem pagos para execu\u00e7\u00e3o do pr\u00e9dio inicial da Santa Casa de Miseric\u00f3rdia. \u00c9 justo que sejam lembradas t\u00e3o importantes contribuintes.<\/p>\n<!-- \/wp:paragraph -->\n\n<!-- wp:paragraph -->\n<p>Ao longo do tempo tamb\u00e9m outras damas da sociedade santanense, esposas de empres\u00e1rios e m\u00e9dicos, fundaram o \u2018C\u00edrculo de Senhoras\u2019, com o mesmo objetivo de auxiliar a maternidade da Santa Casa, quando doavam enxovais completos para rec\u00e9m nascidos.<\/p>\n<!-- \/wp:paragraph -->\n\n<!-- wp:paragraph -->\n<p>E atualmente, se repete a hist\u00f3ria&#8230; Tal qual o espiral do tempo!<\/p>\n<!-- \/wp:paragraph -->\n\n<!-- wp:paragraph -->\n<p>A sa\u00fade e a manuten\u00e7\u00e3o da Santa Casa de Miseric\u00f3rdia, sempre carente de medicamentos e materiais de consumo, permanente e di\u00e1rio, tem sido amparada e dinamizada pelo dedicado e constante trabalho de uma desprendida comiss\u00e3o de senhoras organizadas pr\u00f3 organiza\u00e7\u00e3o do hospital, que vem enviando esfor\u00e7os no sentido de obter recursos para obra de cunho t\u00e3o social. Denominado Grupo de Volunt\u00e1rias da Santa Casa, foi sugerido e incentivado por Geraldo Stavie, quando pertencente \u00e0 mesa administrativa do hospital em 2001.<\/p>\n<!-- \/wp:paragraph -->\n\n<!-- wp:paragraph -->\n<p>Deve-se a elas hoje, praticamente a reposi\u00e7\u00e3o de materiais de consumo, toalhas, len\u00e7\u00f3is, e grande parte das aparelhagens.<\/p>\n<!-- \/wp:paragraph -->\n\n<!-- wp:paragraph -->\n<p>Como sempre, a mulher deixando aflorar seu lado maternal, sua sensibilidade, motivando-se a minorar a dor e a car\u00eancia do ser humano.<\/p>\n<!-- \/wp:paragraph -->\n\n<!-- wp:paragraph -->\n<p>Este grupo feminino, que tanto vem contribuindo com seu tempo, criatividade e dedica\u00e7\u00e3o, organizando leil\u00f5es, briques, idealizando as mais variadas formas de obter recursos financeiros, tamb\u00e9m depreendida e voluntariamente, vem renovar o espiral do tempo&#8230;<\/p>\n<!-- \/wp:paragraph -->\n\n<!-- wp:paragraph -->\n<p>Unidas pelo mesmo ideal, com Lorena G\u00f3es, na coordena\u00e7\u00e3o, comp\u00f5e o grupo: Ana Maria Gon\u00e7alves, Ana Maria Specht, Elenara Guedes, Leatriz Duarte, Lecy Tubino de Souza, Leda Ara\u00fajo, Maria Izabel Ventimiglia, Maria Moraes, Marina Macedo, Marta Andrade, Maur\u00edlia Fervenza, Nilza Duarte, Lurdes Cunha Peres, Graciela Lopes, Liane Rosat Murat\u00f3rio, Daici Duarte, Elsi Zuleika Barreto, Suely da Costa Peres, Eda Serpa, Ceres Aragon\u00eas, Maria Julia Aragon\u00eas, Caroline Basine, Ilza Queirolo e Elci Rodrigues Gonsalves.<\/p>\n<!-- \/wp:paragraph -->\n\n<!-- wp:paragraph -->\n<p>Trabalham voluntarias e espontaneamente, constituindo-se numa for\u00e7a de amparo que vem com dificuldades e car\u00eancias, \u00e9 certo, mas culminando os objetivos propostos.<\/p>\n<!-- \/wp:paragraph -->\n\n<!-- wp:paragraph -->\n<p>S\u00e3o senhoras profissionais pertencentes aos mais diversos segmentos da sociedade. Certamente todas sabem que o prazer de dar \u00e9 maior que o de receber. E esta doa\u00e7\u00e3o, justamente , \u00e9 mais valiosa por n\u00e3o requerer benef\u00edcios pr\u00f3prios, nem publicidade, apenas a resultante da necessidade impostas pelo trabalho, de gerir a\u00e7\u00e3o e rea\u00e7\u00e3o. Trabalho este, muitas vezes em detrimento de lazer pessoal e horas sonegadas ao conv\u00edvio familiar, em benef\u00edcio de um bem mais amplo: a sa\u00fade comunit\u00e1ria.<\/p>\n<!-- \/wp:paragraph -->\n\n<!-- wp:paragraph -->\n<p>Para concretizarem suas metas tem se valido de in\u00fameras estrat\u00e9gias e criatividade buscando realizar eventos e promo\u00e7\u00f5es. Teve participa\u00e7\u00e3o especial e teve amplo sucesso a participa\u00e7\u00e3o dos artistas Santanenses Heber Fr\u00f3s, (ago\/2003) \u2013 reconhecido internacionalmente como Ga\u00facho da Fronteira que realizou show beneficente em prol da causa liderada pelas volunt\u00e1rias;<\/p>\n<!-- \/wp:paragraph -->\n\n<!-- wp:paragraph -->\n<p>\u00c9 um trabalho profundamente humano, voltado para a minimiza\u00e7\u00e3o dos males atinentes \u00e0 sa\u00fade, e como tal, a comunidade, certamente, responder\u00e1 com seu apoio e reconhecimento.<\/p>\n<!-- \/wp:paragraph -->\n\n<!-- wp:paragraph -->\n<p>Assim como o espiral do tempo&#8230; se repetiu! Evoluir\u00e1, continuar\u00e1 se renovando e tudo leva a supor, se repetir\u00e1 &#8230; se repetir\u00e1&#8230; (AP).&nbsp;<\/p>\n<!-- \/wp:paragraph --><\/div>\n\t\t\t\t<\/div>\n\t\t\t\t<\/div>\n\t\t\t\t<div class=\"elementor-element elementor-element-b5c40c7 elementor-widget__width-initial elementor-absolute elementor-widget-tablet__width-initial elementor-hidden-tablet elementor-hidden-phone elementor-invisible elementor-widget elementor-widget-image\" data-id=\"b5c40c7\" data-element_type=\"widget\" data-settings=\"{&quot;_animation_tablet&quot;:&quot;none&quot;,&quot;_animation_mobile&quot;:&quot;none&quot;,&quot;_position&quot;:&quot;absolute&quot;,&quot;_animation_delay&quot;:100,&quot;_animation&quot;:&quot;rotateIn&quot;}\" data-widget_type=\"image.default\">\n\t\t\t\t<div class=\"elementor-widget-container\">\n\t\t\t\t\t<div class=\"elementor-image\">\n\t\t\t\t\t\t\t\t\t\t<img loading=\"lazy\" decoding=\"async\" width=\"41\" height=\"33\" src=\"https:\/\/www.santacasalivramento.com.br\/site\/wp-content\/uploads\/2021\/03\/Triangle25.png\" class=\"attachment-large size-large\" alt=\"\" \/>\t\t\t\t\t\t\t\t\t\t\t<\/div>\n\t\t\t\t<\/div>\n\t\t\t\t<\/div>\n\t\t\t\t\t<\/div>\n\t\t<\/div>\n\t\t\t\t<div class=\"elementor-column elementor-col-33 elementor-inner-column elementor-element elementor-element-7a667ed3\" data-id=\"7a667ed3\" data-element_type=\"column\">\n\t\t\t<div class=\"elementor-widget-wrap\">\n\t\t\t\t\t\t\t\t\t<\/div>\n\t\t<\/div>\n\t\t\t\t\t\t\t<\/div>\n\t\t<\/section>\n\t\t\t\t\t<\/div>\n\t\t<\/div>\n\t\t\t\t\t\t\t<\/div>\n\t\t<\/section>\n\t\t\t\t\t\t<\/div>\n\t\t\t\t\t<\/div>\n\t\t","protected":false},"excerpt":{"rendered":"<p>A preocupa\u00e7\u00e3o maior em toda&nbsp;&nbsp;a comunidade \u00e9 a organiza\u00e7\u00e3o e manuten\u00e7\u00e3o de seus pr\u00f3prios meios preservadores da esp\u00e9cie. Os males da humanidade transformaram-se , evolu\u00edram, e, combatidos, regrediram paralelamente aos avan\u00e7os da ci\u00eancia e da tecnologia. Profissionais competentes, atuantes, especializados nas mais diversas \u00e1reas do conhecimento da ci\u00eancia \u00e9 o que contamos hoje para melhor [&hellip;]<\/p>\n","protected":false},"author":1,"featured_media":0,"parent":0,"menu_order":0,"comment_status":"closed","ping_status":"closed","template":"elementor_header_footer","meta":{"footnotes":""},"class_list":["post-82","page","type-page","status-publish","hentry"],"_links":{"self":[{"href":"https:\/\/www.santacasalivramento.com.br\/site\/wp-json\/wp\/v2\/pages\/82","targetHints":{"allow":["GET"]}}],"collection":[{"href":"https:\/\/www.santacasalivramento.com.br\/site\/wp-json\/wp\/v2\/pages"}],"about":[{"href":"https:\/\/www.santacasalivramento.com.br\/site\/wp-json\/wp\/v2\/types\/page"}],"author":[{"embeddable":true,"href":"https:\/\/www.santacasalivramento.com.br\/site\/wp-json\/wp\/v2\/users\/1"}],"replies":[{"embeddable":true,"href":"https:\/\/www.santacasalivramento.com.br\/site\/wp-json\/wp\/v2\/comments?post=82"}],"version-history":[{"count":13,"href":"https:\/\/www.santacasalivramento.com.br\/site\/wp-json\/wp\/v2\/pages\/82\/revisions"}],"predecessor-version":[{"id":477,"href":"https:\/\/www.santacasalivramento.com.br\/site\/wp-json\/wp\/v2\/pages\/82\/revisions\/477"}],"wp:attachment":[{"href":"https:\/\/www.santacasalivramento.com.br\/site\/wp-json\/wp\/v2\/media?parent=82"}],"curies":[{"name":"wp","href":"https:\/\/api.w.org\/{rel}","templated":true}]}}