{"id":521,"date":"2021-04-10T12:40:14","date_gmt":"2021-04-10T15:40:14","guid":{"rendered":"http:\/\/www.santacasalivramento.com.br\/site\/?page_id=521"},"modified":"2021-04-10T12:51:32","modified_gmt":"2021-04-10T15:51:32","slug":"doacao-de-sangue","status":"publish","type":"page","link":"https:\/\/www.santacasalivramento.com.br\/site\/doacao-de-sangue\/","title":{"rendered":"Doa\u00e7\u00e3o de sangue"},"content":{"rendered":"\t\t<div data-elementor-type=\"wp-page\" data-elementor-id=\"521\" class=\"elementor elementor-521\" data-elementor-settings=\"[]\">\n\t\t\t\t\t\t\t<div class=\"elementor-section-wrap\">\n\t\t\t\t\t\t\t<section class=\"elementor-section elementor-top-section elementor-element elementor-element-64164cc1 elementor-section-boxed elementor-section-height-default elementor-section-height-default\" data-id=\"64164cc1\" data-element_type=\"section\">\n\t\t\t\t\t\t<div class=\"elementor-container elementor-column-gap-default\">\n\t\t\t\t\t<div class=\"elementor-column elementor-col-100 elementor-top-column elementor-element elementor-element-25944fb3\" data-id=\"25944fb3\" data-element_type=\"column\">\n\t\t\t<div class=\"elementor-widget-wrap elementor-element-populated\">\n\t\t\t\t\t\t\t\t<div class=\"elementor-element elementor-element-ad44b9f elementor-widget elementor-widget-image\" data-id=\"ad44b9f\" data-element_type=\"widget\" data-widget_type=\"image.default\">\n\t\t\t\t<div class=\"elementor-widget-container\">\n\t\t\t\t\t<div class=\"elementor-image\">\n\t\t\t\t\t\t\t\t\t\t<img loading=\"lazy\" decoding=\"async\" width=\"800\" height=\"480\" src=\"https:\/\/www.santacasalivramento.com.br\/site\/wp-content\/uploads\/2021\/04\/doacao-de-sangue-1024x615.jpg\" class=\"attachment-large size-large\" alt=\"\" srcset=\"https:\/\/www.santacasalivramento.com.br\/site\/wp-content\/uploads\/2021\/04\/doacao-de-sangue-1024x615.jpg 1024w, https:\/\/www.santacasalivramento.com.br\/site\/wp-content\/uploads\/2021\/04\/doacao-de-sangue-300x180.jpg 300w, https:\/\/www.santacasalivramento.com.br\/site\/wp-content\/uploads\/2021\/04\/doacao-de-sangue-768x462.jpg 768w, https:\/\/www.santacasalivramento.com.br\/site\/wp-content\/uploads\/2021\/04\/doacao-de-sangue.jpg 1080w\" sizes=\"auto, (max-width: 800px) 100vw, 800px\" \/>\t\t\t\t\t\t\t\t\t\t\t<\/div>\n\t\t\t\t<\/div>\n\t\t\t\t<\/div>\n\t\t\t\t<div class=\"elementor-element elementor-element-f2b9976 elementor-widget elementor-widget-text-editor\" data-id=\"f2b9976\" data-element_type=\"widget\" data-widget_type=\"text-editor.default\">\n\t\t\t\t<div class=\"elementor-widget-container\">\n\t\t\t\t\t<div class=\"elementor-text-editor elementor-clearfix\"><p>Voc\u00ea conhece algu\u00e9m que j\u00e1 sofreu um acidente ou passou por uma cirurgia? E essa pessoa precisou de uma transfus\u00e3o de sangue? A resposta provavelmente \u00e9 SIM! E como a ci\u00eancia ainda n\u00e3o desenvolveu um sangue sint\u00e9tico, o sangue que seu conhecido recebeu veio da doa\u00e7\u00e3o de um volunt\u00e1rio.<br \/>O Minist\u00e9rio da Sa\u00fade lan\u00e7ou este ano a Campanha Nacional de Doa\u00e7\u00e3o de Sangue, com o slogan \u201cEntre para a Corrente Sangu\u00ednea. Doe e convide algu\u00e9m a doar\u201d. No Brasil os \u00edndices de doa\u00e7\u00e3o ainda est\u00e3o bem abaixo dos \u00edndices recomendados pela Organiza\u00e7\u00e3o Mundial de Sa\u00fade (OMS), provavelmente pela falta de informa\u00e7\u00e3o sobre a import\u00e2ncia do ato de doar sangue e pela aus\u00eancia de uma cultura de doa\u00e7\u00e3o regular.<\/p><\/div>\n\t\t\t\t<\/div>\n\t\t\t\t<\/div>\n\t\t\t\t<div class=\"elementor-element elementor-element-ab235e5 elementor-widget elementor-widget-heading\" data-id=\"ab235e5\" data-element_type=\"widget\" data-widget_type=\"heading.default\">\n\t\t\t\t<div class=\"elementor-widget-container\">\n\t\t\t<h4 class=\"elementor-heading-title elementor-size-default\">O sangue que vou doar n\u00e3o vai me fazer falta?<\/h4>\t\t<\/div>\n\t\t\t\t<\/div>\n\t\t\t\t<div class=\"elementor-element elementor-element-0b79d0a elementor-widget elementor-widget-text-editor\" data-id=\"0b79d0a\" data-element_type=\"widget\" data-widget_type=\"text-editor.default\">\n\t\t\t\t<div class=\"elementor-widget-container\">\n\t\t\t\t\t<div class=\"elementor-text-editor elementor-clearfix\"><p>N\u00e3o, pois em uma doa\u00e7\u00e3o s\u00e3o tirados no m\u00e1ximo 450 ml de sangue (aproximadamente 10% do volume total de sangue de uma pessoa adulta), e logo nas primeiras 24 horas ap\u00f3s a doa\u00e7\u00e3o o corpo j\u00e1 produziu a mesma quantidade de sangue que foi retirada.<\/p><\/div>\n\t\t\t\t<\/div>\n\t\t\t\t<\/div>\n\t\t\t\t<div class=\"elementor-element elementor-element-1320a03 elementor-widget elementor-widget-heading\" data-id=\"1320a03\" data-element_type=\"widget\" data-widget_type=\"heading.default\">\n\t\t\t\t<div class=\"elementor-widget-container\">\n\t\t\t<h4 class=\"elementor-heading-title elementor-size-default\">Quais condi\u00e7\u00f5es devo apresentar para poder doar sangue?<\/h4>\t\t<\/div>\n\t\t\t\t<\/div>\n\t\t\t\t<div class=\"elementor-element elementor-element-79598e4 elementor-widget elementor-widget-text-editor\" data-id=\"79598e4\" data-element_type=\"widget\" data-widget_type=\"text-editor.default\">\n\t\t\t\t<div class=\"elementor-widget-container\">\n\t\t\t\t\t<div class=\"elementor-text-editor elementor-clearfix\"><p>\u2022 Sentir-se bem, com sa\u00fade<br \/>\u2022 Deve ter entre 18 e 65 anos de idade<br \/>\u2022 Deve pesar mais que 50 kg.<br \/>\u2022 Deve apresentar documento com foto, que seja v\u00e1lido em todo o territ\u00f3rio nacional, como carteira de motorista ou de identidade.<br \/>\u2022 N\u00e3o ter diagn\u00f3stico de hepatite ap\u00f3s os 10 anos de idade.<br \/>\u2022 N\u00e3o ser portador do v\u00edrus da AIDS.<br \/>\u2022 N\u00e3o ter comportamento de risco para doen\u00e7as sexualmente transmiss\u00edveis (rela\u00e7\u00e3o sexual com parceiro eventual, sem uso de preservativo, nos \u00faltimos 12 meses)<br \/>\u2022 N\u00e3o estar gr\u00e1vida ou amamentando.<br \/>\u2022 N\u00e3o ser usu\u00e1rio de drogas.<br \/>\u2022 N\u00e3o ter feito piercing ou tatuagem nos \u00faltimos 12 meses em locais n\u00e3o controlados pela Vigil\u00e2ncia Sanit\u00e1ria.<br \/>\u2022 N\u00e3o ter sido submetido a exame de endoscopia ou broncoscopia nos \u00faltimos 12 meses.<\/p><\/div>\n\t\t\t\t<\/div>\n\t\t\t\t<\/div>\n\t\t\t\t<div class=\"elementor-element elementor-element-f52ca89 elementor-widget elementor-widget-heading\" data-id=\"f52ca89\" data-element_type=\"widget\" data-widget_type=\"heading.default\">\n\t\t\t\t<div class=\"elementor-widget-container\">\n\t\t\t<h4 class=\"elementor-heading-title elementor-size-default\">Quais testes s\u00e3o realizados na amostra de sangue ap\u00f3s a doa\u00e7\u00e3o?<\/h4>\t\t<\/div>\n\t\t\t\t<\/div>\n\t\t\t\t<div class=\"elementor-element elementor-element-19cdbfe elementor-widget elementor-widget-text-editor\" data-id=\"19cdbfe\" data-element_type=\"widget\" data-widget_type=\"text-editor.default\">\n\t\t\t\t<div class=\"elementor-widget-container\">\n\t\t\t\t\t<div class=\"elementor-text-editor elementor-clearfix\"><p>Ap\u00f3s a doa\u00e7\u00e3o, s\u00e3o realizados no sangue do doador testes para doen\u00e7as infecciosas como AIDS, hepatites C e B, doen\u00e7a de Chagas, HTLV I\/II, s\u00edfilis e um exame para saber o tipo sangu\u00edneo do doador. Esses testes laboratoriais visam proteger quem vai receber o sangue, s\u00e3o exames de triagem e n\u00e3o de diagn\u00f3stico, podendo ocorrer resultados falso-positivos. N\u00e3o se preocupe ent\u00e3o caso voc\u00ea seja convocado para uma nova consulta m\u00e9dica ou para a repeti\u00e7\u00e3o de exames.<\/p><\/div>\n\t\t\t\t<\/div>\n\t\t\t\t<\/div>\n\t\t\t\t<div class=\"elementor-element elementor-element-d38f052 elementor-widget elementor-widget-heading\" data-id=\"d38f052\" data-element_type=\"widget\" data-widget_type=\"heading.default\">\n\t\t\t\t<div class=\"elementor-widget-container\">\n\t\t\t<h4 class=\"elementor-heading-title elementor-size-default\">Quais s\u00e3o as orienta\u00e7\u00f5es para o dia da doa\u00e7\u00e3o?<\/h4>\t\t<\/div>\n\t\t\t\t<\/div>\n\t\t\t\t<div class=\"elementor-element elementor-element-833b0cd elementor-widget elementor-widget-text-editor\" data-id=\"833b0cd\" data-element_type=\"widget\" data-widget_type=\"text-editor.default\">\n\t\t\t\t<div class=\"elementor-widget-container\">\n\t\t\t\t\t<div class=\"elementor-text-editor elementor-clearfix\"><p>\u2022 Durma bem na noite anterior \u00e0 doa\u00e7\u00e3o.<br \/>\u2022 N\u00e3o tome bebidas alco\u00f3licas nas 12 horas antes da doa\u00e7\u00e3o.<br \/>\u2022 N\u00e3o fa\u00e7a jejum.<br \/>\u2022 Evite fumar nas 2 horas antes da doa\u00e7\u00e3o.<br \/>\u2022 Evite alimentos ricos em gorduras nas 3 horas que antecedem a doa\u00e7\u00e3o.<br \/>\u2022 Ap\u00f3s a doa\u00e7\u00e3o, aguardar no m\u00ednimo uma hora para dirigir curtos percursos e duas horas para viagens.<br \/>\u2022 N\u00e3o fazer exerc\u00edcios f\u00edsicos acentuado nas 12 horas que se seguem \u00e0 doa\u00e7\u00e3o<br \/>\u2022 Interromper por 12 horas ap\u00f3s a doa\u00e7\u00e3o atividades como pilotar avi\u00e3o, helic\u00f3ptero, esportes radicais e trabalhar sob o risco de grandes alturas.<\/p><\/div>\n\t\t\t\t<\/div>\n\t\t\t\t<\/div>\n\t\t\t\t\t<\/div>\n\t\t<\/div>\n\t\t\t\t\t\t\t<\/div>\n\t\t<\/section>\n\t\t\t\t\t\t<\/div>\n\t\t\t\t\t<\/div>\n\t\t","protected":false},"excerpt":{"rendered":"<p>Voc\u00ea conhece algu\u00e9m que j\u00e1 sofreu um acidente ou passou por uma cirurgia? E essa pessoa precisou de uma transfus\u00e3o de sangue? A resposta provavelmente \u00e9 SIM! E como a ci\u00eancia ainda n\u00e3o desenvolveu um sangue sint\u00e9tico, o sangue que seu conhecido recebeu veio da doa\u00e7\u00e3o de um volunt\u00e1rio.O Minist\u00e9rio da Sa\u00fade lan\u00e7ou este ano [&hellip;]<\/p>\n","protected":false},"author":1,"featured_media":0,"parent":0,"menu_order":0,"comment_status":"closed","ping_status":"closed","template":"elementor_header_footer","meta":{"footnotes":""},"class_list":["post-521","page","type-page","status-publish","hentry"],"_links":{"self":[{"href":"https:\/\/www.santacasalivramento.com.br\/site\/wp-json\/wp\/v2\/pages\/521","targetHints":{"allow":["GET"]}}],"collection":[{"href":"https:\/\/www.santacasalivramento.com.br\/site\/wp-json\/wp\/v2\/pages"}],"about":[{"href":"https:\/\/www.santacasalivramento.com.br\/site\/wp-json\/wp\/v2\/types\/page"}],"author":[{"embeddable":true,"href":"https:\/\/www.santacasalivramento.com.br\/site\/wp-json\/wp\/v2\/users\/1"}],"replies":[{"embeddable":true,"href":"https:\/\/www.santacasalivramento.com.br\/site\/wp-json\/wp\/v2\/comments?post=521"}],"version-history":[{"count":10,"href":"https:\/\/www.santacasalivramento.com.br\/site\/wp-json\/wp\/v2\/pages\/521\/revisions"}],"predecessor-version":[{"id":533,"href":"https:\/\/www.santacasalivramento.com.br\/site\/wp-json\/wp\/v2\/pages\/521\/revisions\/533"}],"wp:attachment":[{"href":"https:\/\/www.santacasalivramento.com.br\/site\/wp-json\/wp\/v2\/media?parent=521"}],"curies":[{"name":"wp","href":"https:\/\/api.w.org\/{rel}","templated":true}]}}